{"id":38,"date":"2012-08-15T08:52:56","date_gmt":"2012-08-15T07:52:56","guid":{"rendered":"http:\/\/www.cpcab.fr\/?page_id=38"},"modified":"2025-06-17T09:43:14","modified_gmt":"2025-06-17T08:43:14","slug":"informations","status":"publish","type":"page","link":"http:\/\/www.cpcab.fr\/?page_id=38","title":{"rendered":"Informations"},"content":{"rendered":"<h1 style=\"text-align: center;\"><span style=\"color: #ff6600;\"><strong><span style=\"font-size: large;\">SAISON 2025\/2026<\/span><\/strong><\/span><\/h1>\n<p>&nbsp;<\/p>\n<p><span style=\"color: #ff6600;\"><strong><span style=\"font-size: large;\">CONCOURS MENSUELS A THEMES<br \/>\n<\/span><\/strong><\/span><\/p>\n<ul>\n<li><span style=\"font-size: medium;\">Th\u00e8me du mois d&rsquo;avril 2025\u00a0 :<strong><em> \u00ab\u00a0La Nuit\u00a0\u00bb<br \/>\n<\/em><\/strong><\/span><\/li>\n<li><span style=\"font-size: medium;\">Th\u00e8me du mois de juin 2025 :<em><strong> \u00ab\u00a0Le rouge\u00a0\u00bb<\/strong><\/em><br \/>\n<\/span><\/li>\n<\/ul>\n<p>&nbsp;<\/p>\n<p><strong><span style=\"font-size: large;\"><span style=\"color: #ff6600;\"><i><\/i>CONCOURS F\u00c9D\u00c9RAUX FPF<\/span><\/span><span style=\"font-size: large;\"><br \/>\n<\/span><\/strong><\/p>\n<ul>\n<li><span style=\"font-size: medium;\">Retrouvez tous les r\u00e9sultats des concours r\u00e9gionaux sur le site de <a href=\"https:\/\/ur07.federation-photo.fr\/\" target=\"_blank\" rel=\"noopener\"><strong>l&rsquo;Union R\u00e9gionale Centre Val de Loire<\/strong><\/a><\/span><span style=\"font-size: medium;\">\u00a0<\/span><\/li>\n<li>Retrouvez tous les r\u00e9sultats des concours nationaux sur le site de la\u00a0 <a href=\"http:\/\/federation-photo.fr\/competitions-resultats\/\" target=\"_blank\" rel=\"noopener noreferrer\"><strong>FPF<\/strong><\/a><span style=\"font-size: medium;\">\u00a0<\/span><\/li>\n<\/ul>\n<p><a href=\"http:\/\/www.cpcab.fr\/wp-content\/uploads\/2017\/03\/Logo_URCO_50x52_web.jpg\"><img loading=\"lazy\" decoding=\"async\" class=\"alignnone size-full wp-image-2702\" src=\"http:\/\/www.cpcab.fr\/wp-content\/uploads\/2017\/03\/Logo_URCO_50x52_web.jpg\" alt=\"\" width=\"50\" height=\"52\" \/><\/a><a href=\"http:\/\/www.cpcab.fr\/wp-content\/uploads\/2017\/03\/Logo_FPF_168x52_web.png\"><img loading=\"lazy\" decoding=\"async\" class=\"alignnone size-full wp-image-2701\" src=\"http:\/\/www.cpcab.fr\/wp-content\/uploads\/2017\/03\/Logo_FPF_168x52_web.png\" alt=\"\" width=\"168\" height=\"52\" \/><\/a><\/p>\n<p>&nbsp;<\/p>\n<p><span style=\"color: #ff6600;\"><strong><span style=\"font-size: large;\">EXPOSITION CLUB 2024\/2025<\/span><\/strong><\/span><\/p>\n<p><em>Exposition actuellement en pr\u00e9paration<br \/>\n<\/em><\/p>\n<p><span style=\"color: #ff6600;\"><strong><span style=\"font-size: large;\">SORTIES DU CLUB<\/span><\/strong><\/span><\/p>\n<p><span style=\"font-size: medium;\">Je vous propose\u00a0des id\u00e9es de sortie :<\/span><\/p>\n<p>&nbsp;<\/p>\n<p><span style=\"color: #ff6600;\"><strong><span style=\"font-size: large;\">FORMATION<\/span><\/strong><\/span><\/p>\n<p><span style=\"font-size: medium;\">Comment <a href=\"http:\/\/cpcab.photoclub.pagesperso-orange.fr\/documents\/GaleriePersonnelle.pdf\" target=\"_blank\" rel=\"noopener noreferrer\">modifier ou cr\u00e9er <\/a>sa page perso dans la Galerie<\/span><\/p>\n<p><span style=\"font-size: medium;\">Augmentez la fourchette d&rsquo;exposition de vos photos gr\u00e2ce \u00e0 <a href=\"http:\/\/cpcab.photoclub.pagesperso-orange.fr\/documents\/Dynamique_photos.doc\" target=\"_blank\" rel=\"noopener noreferrer\"><strong>Photoshop<\/strong><\/a>\u00a0<\/span><\/p>\n<p><span style=\"font-size: medium;\">Augmenter ou diminuer la <a href=\"http:\/\/cpcab.photoclub.pagesperso-orange.fr\/documents\/Densite_plus_ou_moins.pdf\" target=\"_blank\" rel=\"noopener noreferrer\"><strong>densit\u00e9<\/strong><\/a> d&rsquo;une zone de l&rsquo;image (Pdf)<\/span><\/p>\n<h6><span style=\"font-size: medium;\"><em>Cliquez sur les mots soulign\u00e9s pour t\u00e9l\u00e9charger le document<\/em><br \/>\n<\/span><\/h6>\n","protected":false},"excerpt":{"rendered":"<p>SAISON 2025\/2026 &nbsp; CONCOURS MENSUELS A THEMES Th\u00e8me du mois d&rsquo;avril 2025\u00a0 : \u00ab\u00a0La Nuit\u00a0\u00bb Th\u00e8me du mois de juin 2025 : \u00ab\u00a0Le rouge\u00a0\u00bb &nbsp; CONCOURS F\u00c9D\u00c9RAUX FPF Retrouvez tous les r\u00e9sultats des concours r\u00e9gionaux sur le site de l&rsquo;Union &hellip; <a href=\"http:\/\/www.cpcab.fr\/?page_id=38\">Continuer la lecture <span class=\"meta-nav\">&rarr;<\/span><\/a><\/p>\n","protected":false},"author":2,"featured_media":0,"parent":0,"menu_order":0,"comment_status":"closed","ping_status":"closed","template":"showcase.php","meta":{"_monsterinsights_skip_tracking":false,"_monsterinsights_sitenote_active":false,"_monsterinsights_sitenote_note":"","_monsterinsights_sitenote_category":0,"footnotes":""},"class_list":["post-38","page","type-page","status-publish","hentry"],"_links":{"self":[{"href":"http:\/\/www.cpcab.fr\/index.php?rest_route=\/wp\/v2\/pages\/38","targetHints":{"allow":["GET"]}}],"collection":[{"href":"http:\/\/www.cpcab.fr\/index.php?rest_route=\/wp\/v2\/pages"}],"about":[{"href":"http:\/\/www.cpcab.fr\/index.php?rest_route=\/wp\/v2\/types\/page"}],"author":[{"embeddable":true,"href":"http:\/\/www.cpcab.fr\/index.php?rest_route=\/wp\/v2\/users\/2"}],"replies":[{"embeddable":true,"href":"http:\/\/www.cpcab.fr\/index.php?rest_route=%2Fwp%2Fv2%2Fcomments&post=38"}],"version-history":[{"count":52,"href":"http:\/\/www.cpcab.fr\/index.php?rest_route=\/wp\/v2\/pages\/38\/revisions"}],"predecessor-version":[{"id":6435,"href":"http:\/\/www.cpcab.fr\/index.php?rest_route=\/wp\/v2\/pages\/38\/revisions\/6435"}],"wp:attachment":[{"href":"http:\/\/www.cpcab.fr\/index.php?rest_route=%2Fwp%2Fv2%2Fmedia&parent=38"}],"curies":[{"name":"wp","href":"https:\/\/api.w.org\/{rel}","templated":true}]}}