{"id":407,"date":"2013-02-21T17:08:53","date_gmt":"2013-02-21T16:08:53","guid":{"rendered":"http:\/\/www.cpcab.fr\/?page_id=407"},"modified":"2026-03-13T13:54:22","modified_gmt":"2026-03-13T12:54:22","slug":"concours-urco-07","status":"publish","type":"page","link":"http:\/\/www.cpcab.fr\/?page_id=407","title":{"rendered":"Concours FPF"},"content":{"rendered":"<p>&nbsp;<\/p>\n<h6 style=\"text-align: left;\"><strong><a href=\"http:\/\/www.cpcab.fr\/wp-content\/uploads\/2016\/02\/Nouveau_106x100_web.png\"><img loading=\"lazy\" decoding=\"async\" class=\"alignnone size-full wp-image-1806\" src=\"http:\/\/www.cpcab.fr\/wp-content\/uploads\/2016\/02\/Nouveau_106x100_web.png\" alt=\"\" width=\"106\" height=\"100\" \/><\/a><\/strong><\/h6>\n<p>&nbsp;<\/p>\n<h6 style=\"text-align: center;\"><span style=\"color: #ff9900;\"><strong>Le CPCAB a particip\u00e9 au Concours R\u00e9gional Photos\u00a0<a style=\"color: #ff9900;\" href=\"http:\/\/ur07.federation-photo.fr\/activites\/concours-regionaux\/\" target=\"_blank\" rel=\"noopener noreferrer\">UR CVL UR 07<\/a><\/strong><\/span><\/h6>\n<h6 style=\"text-align: center;\"><span style=\"color: #ff9900;\"><strong>qui s\u2019est d\u00e9roul\u00e9 \u00e0 Briare le samedi 7 Mars 2026.<br \/>\nTous les r\u00e9sultats sont consultables ci-dessous :<\/strong><\/span><\/h6>\n<p>&nbsp;<\/p>\n<p style=\"text-align: center;\"><img loading=\"lazy\" decoding=\"async\" class=\"aligncenter wp-image-1270 size-full\" src=\"http:\/\/www.cpcab.fr\/wp-content\/uploads\/2015\/02\/Centre_Socio_Culturel_Briare.jpg\" alt=\"Centre_Socio_Culturel_Briare\" width=\"650\" height=\"449\" srcset=\"http:\/\/www.cpcab.fr\/wp-content\/uploads\/2015\/02\/Centre_Socio_Culturel_Briare.jpg 650w, http:\/\/www.cpcab.fr\/wp-content\/uploads\/2015\/02\/Centre_Socio_Culturel_Briare-300x207.jpg 300w, http:\/\/www.cpcab.fr\/wp-content\/uploads\/2015\/02\/Centre_Socio_Culturel_Briare-434x300.jpg 434w\" sizes=\"auto, (max-width: 650px) 100vw, 650px\" \/><strong>Lieu de la manifestation :<br \/>\n<\/strong><em>Centre Socio Culturel square Armand Thiebaut (Briare)<\/em><\/p>\n<p>&nbsp;<\/p>\n<p style=\"text-align: center;\"><strong><span style=\"color: #ff6600;\"><span style=\"color: #ff9900;\">RESULTATS DU CONCOURS REGIONAL 2026<\/span><\/span><\/strong><\/p>\n<p><strong><a href=\"https:\/\/copain.federation-photo.fr\/webroot\/competitions\/classement_ur\/photos\/4353\" target=\"_blank\" rel=\"noopener\">R\u00e9gional Monochrome Papier<\/a> &#8211; <a href=\"https:\/\/copain.federation-photo.fr\/webroot\/competitions\/classement_ur\/clubs\/4353\" target=\"_blank\" rel=\"noopener\">Classement clubs<\/a> &#8211; <a href=\"https:\/\/copain.federation-photo.fr\/webroot\/competitions\/classement_ur\/photos\/4353?numero=0950\" target=\"_blank\" rel=\"noopener\">(Photos du club)<\/a><\/strong><strong><br \/>\n<a href=\"https:\/\/copain.federation-photo.fr\/webroot\/competitions\/classement_ur\/photos\/4374\" target=\"_blank\" rel=\"noopener\">R\u00e9gional Couleur Papier<\/a> &#8211; <a href=\"https:\/\/copain.federation-photo.fr\/webroot\/competitions\/classement_ur\/clubs\/4374\" target=\"_blank\" rel=\"noopener\">Classement clubs<\/a><br \/>\n<\/strong><strong><a href=\"https:\/\/copain.federation-photo.fr\/webroot\/competitions\/classement_ur\/photos\/4437\" target=\"_blank\" rel=\"noopener\">R\u00e9gional Nature Papier<\/a> &#8211; <a href=\"https:\/\/copain.federation-photo.fr\/webroot\/competitions\/classement_ur\/clubs\/4437\" target=\"_blank\" rel=\"noopener\">Classements clubs<\/a><br \/>\n<\/strong><strong><a href=\"https:\/\/copain.federation-photo.fr\/webroot\/competitions\/classement_ur\/photos\/4395\" target=\"_blank\" rel=\"noopener\">R\u00e9gional Image Projet\u00e9e Monochrome<\/a> &#8211; <a href=\"https:\/\/copain.federation-photo.fr\/webroot\/competitions\/classement_ur\/clubs\/4395\" target=\"_blank\" rel=\"noopener\">Classement clubs<\/a> &#8211; <a href=\"https:\/\/copain.federation-photo.fr\/webroot\/competitions\/classement_ur\/photos\/4395?numero=0950\" target=\"_blank\" rel=\"noopener\">(Photos du club)<\/a><br \/>\n<\/strong><strong><a href=\"https:\/\/copain.federation-photo.fr\/webroot\/competitions\/classement_ur\/photos\/4416\" target=\"_blank\" rel=\"noopener\">R\u00e9gional Image Projet\u00e9e Couleur<\/a>\u00a0&#8211; <a href=\"https:\/\/copain.federation-photo.fr\/webroot\/competitions\/classement_ur\/clubs\/4416\" target=\"_blank\" rel=\"noopener\">Classement clubs<\/a><\/strong><strong> &#8211; <a href=\"https:\/\/copain.federation-photo.fr\/webroot\/competitions\/classement_ur\/photos\/4416?numero=0950\" target=\"_blank\" rel=\"noopener\">(Photos du club)<\/a><\/strong><strong><br \/>\n<a href=\"https:\/\/copain.federation-photo.fr\/webroot\/competitions\/classement_ur\/photos\/4458\" target=\"_blank\" rel=\"noopener\">R\u00e9gional Image Projet\u00e9e Nature<\/a> &#8211; <a href=\"https:\/\/copain.federation-photo.fr\/webroot\/competitions\/classement_ur\/clubs\/4458\" target=\"_blank\" rel=\"noopener\">Classement clubs<\/a> &#8211; <a href=\"https:\/\/copain.federation-photo.fr\/webroot\/competitions\/classement_ur\/photos\/4458?numero=0950\" target=\"_blank\" rel=\"noopener\">(Photos du club)<\/a><\/strong><\/p>\n<p style=\"text-align: center;\"><strong>Merci \u00e0 tous les membres f\u00e9d\u00e9r\u00e9s du club pour leur participation !<\/strong><\/p>\n<p>&nbsp;<\/p>\n<p><a href=\"http:\/\/federation-photo.fr\/\" target=\"_blank\" rel=\"noopener noreferrer\"><img loading=\"lazy\" decoding=\"async\" class=\"size-full wp-image-2701 aligncenter\" src=\"http:\/\/www.cpcab.fr\/wp-content\/uploads\/2017\/03\/Logo_FPF_168x52_web.png\" alt=\"\" width=\"168\" height=\"52\" \/><\/a><\/p>\n<p><a href=\"http:\/\/ur07.federation-photo.fr\/\" target=\"_blank\" rel=\"noopener noreferrer\"><img loading=\"lazy\" decoding=\"async\" class=\"size-full wp-image-2702 aligncenter\" src=\"http:\/\/www.cpcab.fr\/wp-content\/uploads\/2017\/03\/Logo_URCO_50x52_web.jpg\" alt=\"\" width=\"50\" height=\"52\" \/><\/a><\/p>\n<p>&nbsp;<\/p>\n<p style=\"text-align: center;\"><em><a href=\"http:\/\/fr-fr.facebook.com\/pages\/Cpcab-18-photos\/500071933362459\" target=\"_blank\" rel=\"noopener noreferrer\"><strong><span style=\"color: #ff6600;\">\u00a0<\/span><\/strong><\/a><\/em><\/p>\n<p style=\"text-align: center;\"><em><strong>\u00a0<\/strong><\/em><\/p>\n","protected":false},"excerpt":{"rendered":"<p>&nbsp; &nbsp; Le CPCAB a particip\u00e9 au Concours R\u00e9gional Photos\u00a0UR CVL UR 07 qui s\u2019est d\u00e9roul\u00e9 \u00e0 Briare le samedi 7 Mars 2026. Tous les r\u00e9sultats sont consultables ci-dessous : &nbsp; Lieu de la manifestation : Centre Socio Culturel square &hellip; <a href=\"http:\/\/www.cpcab.fr\/?page_id=407\">Continuer la lecture <span class=\"meta-nav\">&rarr;<\/span><\/a><\/p>\n","protected":false},"author":2,"featured_media":0,"parent":102,"menu_order":0,"comment_status":"closed","ping_status":"closed","template":"showcase.php","meta":{"_monsterinsights_skip_tracking":false,"_monsterinsights_sitenote_active":false,"_monsterinsights_sitenote_note":"","_monsterinsights_sitenote_category":0,"footnotes":""},"class_list":["post-407","page","type-page","status-publish","hentry"],"_links":{"self":[{"href":"http:\/\/www.cpcab.fr\/index.php?rest_route=\/wp\/v2\/pages\/407","targetHints":{"allow":["GET"]}}],"collection":[{"href":"http:\/\/www.cpcab.fr\/index.php?rest_route=\/wp\/v2\/pages"}],"about":[{"href":"http:\/\/www.cpcab.fr\/index.php?rest_route=\/wp\/v2\/types\/page"}],"author":[{"embeddable":true,"href":"http:\/\/www.cpcab.fr\/index.php?rest_route=\/wp\/v2\/users\/2"}],"replies":[{"embeddable":true,"href":"http:\/\/www.cpcab.fr\/index.php?rest_route=%2Fwp%2Fv2%2Fcomments&post=407"}],"version-history":[{"count":270,"href":"http:\/\/www.cpcab.fr\/index.php?rest_route=\/wp\/v2\/pages\/407\/revisions"}],"predecessor-version":[{"id":5756,"href":"http:\/\/www.cpcab.fr\/index.php?rest_route=\/wp\/v2\/pages\/407\/revisions\/5756"}],"up":[{"embeddable":true,"href":"http:\/\/www.cpcab.fr\/index.php?rest_route=\/wp\/v2\/pages\/102"}],"wp:attachment":[{"href":"http:\/\/www.cpcab.fr\/index.php?rest_route=%2Fwp%2Fv2%2Fmedia&parent=407"}],"curies":[{"name":"wp","href":"https:\/\/api.w.org\/{rel}","templated":true}]}}