{"id":52,"date":"2012-08-15T09:07:20","date_gmt":"2012-08-15T08:07:20","guid":{"rendered":"http:\/\/www.cpcab.fr\/?page_id=52"},"modified":"2025-06-17T09:36:12","modified_gmt":"2025-06-17T08:36:12","slug":"calendrier","status":"publish","type":"page","link":"http:\/\/www.cpcab.fr\/?page_id=52","title":{"rendered":"Calendrier"},"content":{"rendered":"<table border=\"1\" width=\"99%\">\n<tbody>\n<tr>\n<td>\n<h1 align=\"center\"><span style=\"color: #629509;\">\n<table id=\"wp-table-reloaded-id-3-no-1\" class=\"wp-table-reloaded wp-table-reloaded-id-3\">\n<thead>\n\t<tr class=\"row-1\">\n\t\t<th class=\"column-1\">Les Lundis de l'Image<br \/>\r\n\u00e0 la MDA salle Alain Fournier de 20H00 \u00e0 22H00<br \/>\r\n1er Lundi du mois<\/th><th class=\"column-2\">Les rendez-vous du Mardi   <br \/>\r\nde 14H00 \u00e0 17H00<\/th><th class=\"column-3\">Pratique photo<br \/>\r\n \u00e0 la MDA salle Alain Fournier de 20H00 \u00e0 22H00 <\/th>\n\t<\/tr>\n<\/thead>\n<tbody>\n\t<tr class=\"row-2\">\n\t\t<td class=\"column-1\">1 septembre 2025<\/td><td class=\"column-2\"><\/td><td class=\"column-3\"> 15 septembre 2025<\/td>\n\t<\/tr>\n\t<tr class=\"row-3\">\n\t\t<td class=\"column-1\">13 octobre 2025<\/td><td class=\"column-2\"><\/td><td class=\"column-3\">20 octobre 2025<\/td>\n\t<\/tr>\n\t<tr class=\"row-4\">\n\t\t<td class=\"column-1\">4 novembre 2025<\/td><td class=\"column-2\"><\/td><td class=\"column-3\">17 novembre 2025<\/td>\n\t<\/tr>\n\t<tr class=\"row-5\">\n\t\t<td class=\"column-1\">8 d\u00e9cembre 2025<\/td><td class=\"column-2\"><\/td><td class=\"column-3\">15 d\u00e9cembre 2024<\/td>\n\t<\/tr>\n\t<tr class=\"row-6\">\n\t\t<td class=\"column-1\"> 6 janvier 2026<\/td><td class=\"column-2\"><\/td><td class=\"column-3\"> 20 janvier 2026<br \/>\r\n<\/td>\n\t<\/tr>\n\t<tr class=\"row-7\">\n\t\t<td class=\"column-1\"> 3 f\u00e9vrier 2026<\/td><td class=\"column-2\"><\/td><td class=\"column-3\"> 17 f\u00e9vrier 2026<\/td>\n\t<\/tr>\n\t<tr class=\"row-8\">\n\t\t<td class=\"column-1\"> 3 mars 2026<\/td><td class=\"column-2\"><\/td><td class=\"column-3\"> 17 mars 2026<\/td>\n\t<\/tr>\n\t<tr class=\"row-9\">\n\t\t<td class=\"column-1\"> 31 mars 2026<\/td><td class=\"column-2\"><\/td><td class=\"column-3\"> 21 avril 2026<\/td>\n\t<\/tr>\n\t<tr class=\"row-10\">\n\t\t<td class=\"column-1\"> 5 mai 2026<\/td><td class=\"column-2\"><\/td><td class=\"column-3\"> 19 mai 2026<\/td>\n\t<\/tr>\n\t<tr class=\"row-11\">\n\t\t<td class=\"column-1\"> 2 juin 2026<br \/>\r\n<\/td><td class=\"column-2\"><\/td><td class=\"column-3\"> 16 juin 2026<\/td>\n\t<\/tr>\n\t<tr class=\"row-12\">\n\t\t<td class=\"column-1\">  1er septembre 2026 AG<\/td><td class=\"column-2\"><\/td><td class=\"column-3\"><\/td>\n\t<\/tr>\n<\/tbody>\n<\/table>\n<\/span><\/h1>\n<\/td>\n<td><\/td>\n<\/tr>\n<tr>\n<td><\/td>\n<td><\/td>\n<\/tr>\n<\/tbody>\n<\/table>\n<h2><span style=\"color: #ff6600;\">Les rendez-vous IMPORTANTS<\/span><\/h2>\n<table border=\"1\" width=\"99%\">\n<tbody>\n<tr>\n<td>\u00a0Dimanche 7 septembre 2025<\/td>\n<td><em>\u00a0<em>F\u00eate des associations \u00a0\u00a0<\/em><\/em><\/td>\n<\/tr>\n<tr>\n<td><\/td>\n<td><em>Assembl\u00e9e g\u00e9n\u00e9rale URCVL<\/em><\/td>\n<\/tr>\n<\/tbody>\n<\/table>\n","protected":false},"excerpt":{"rendered":"<p>Les rendez-vous IMPORTANTS \u00a0Dimanche 7 septembre 2025 \u00a0F\u00eate des associations \u00a0\u00a0 Assembl\u00e9e g\u00e9n\u00e9rale URCVL<\/p>\n","protected":false},"author":2,"featured_media":0,"parent":19,"menu_order":0,"comment_status":"closed","ping_status":"closed","template":"showcase.php","meta":{"_monsterinsights_skip_tracking":false,"_monsterinsights_sitenote_active":false,"_monsterinsights_sitenote_note":"","_monsterinsights_sitenote_category":0,"footnotes":""},"class_list":["post-52","page","type-page","status-publish","hentry"],"_links":{"self":[{"href":"http:\/\/www.cpcab.fr\/index.php?rest_route=\/wp\/v2\/pages\/52","targetHints":{"allow":["GET"]}}],"collection":[{"href":"http:\/\/www.cpcab.fr\/index.php?rest_route=\/wp\/v2\/pages"}],"about":[{"href":"http:\/\/www.cpcab.fr\/index.php?rest_route=\/wp\/v2\/types\/page"}],"author":[{"embeddable":true,"href":"http:\/\/www.cpcab.fr\/index.php?rest_route=\/wp\/v2\/users\/2"}],"replies":[{"embeddable":true,"href":"http:\/\/www.cpcab.fr\/index.php?rest_route=%2Fwp%2Fv2%2Fcomments&post=52"}],"version-history":[{"count":37,"href":"http:\/\/www.cpcab.fr\/index.php?rest_route=\/wp\/v2\/pages\/52\/revisions"}],"predecessor-version":[{"id":6429,"href":"http:\/\/www.cpcab.fr\/index.php?rest_route=\/wp\/v2\/pages\/52\/revisions\/6429"}],"up":[{"embeddable":true,"href":"http:\/\/www.cpcab.fr\/index.php?rest_route=\/wp\/v2\/pages\/19"}],"wp:attachment":[{"href":"http:\/\/www.cpcab.fr\/index.php?rest_route=%2Fwp%2Fv2%2Fmedia&parent=52"}],"curies":[{"name":"wp","href":"https:\/\/api.w.org\/{rel}","templated":true}]}}