{"id":93,"date":"2012-08-15T10:14:00","date_gmt":"2012-08-15T09:14:00","guid":{"rendered":"http:\/\/www.cpcab.fr\/?page_id=93"},"modified":"2026-04-14T16:42:45","modified_gmt":"2026-04-14T15:42:45","slug":"galeries-2","status":"publish","type":"page","link":"http:\/\/www.cpcab.fr\/?page_id=93","title":{"rendered":"Concours Club"},"content":{"rendered":"<h1>\u00a0<\/h1>\r\n<p><strong>Concours mensuel Club en cours : <a href=\"https:\/\/public.joomeo.com\/albums\/69ce84f0e957d\">Avril<\/a><\/strong><strong>\u00a0 (Th\u00e8me \u00ab\u00a0La Nuit\u00a0\u00bb)<\/strong><\/p>\r\n<p><a href=\"http:\/\/www.cpcab.fr\/wp-content\/uploads\/2026\/04\/Concours_2026-04-Avril.ods\"><strong>R\u00e9sultats<\/strong><strong>\u00a0:<\/strong><\/a><\/p>\r\n<p><em>(Pour pr\u00e9parer la critique des photos du mois en cours, rendez-vous sur le site onglet \u00ab\u00a0Espace Club\u00a0\u00bb puis cliquez sur le dossier \u00ab\u00a0Concours mensuels\u00a0\u00bb)<\/em><\/p>\r\n<p style=\"text-align: center;\">__________<\/p>\r\n<p style=\"text-align: center;\">\u00a0<\/p>\r\n<p>Les 2 th\u00e8mes qui ont \u00e9t\u00e9 retenus pour l&rsquo;ann\u00e9e 2026 sont : \u00ab\u00a0<span style=\"color: #ff6600;\"><strong>La Nuit<\/strong><\/span>\u00a0\u00bb pour le mois d&rsquo;Avril 2026 et \u00ab\u00a0<span style=\"color: #ff6600;\"><strong>Le rouge<\/strong><\/span>\u00a0\u00bb pour le mois de Juin 2026<\/p>\r\n<ul>\r\n<li><a href=\"http:\/\/www.cpcab.fr\/wp-content\/uploads\/2012\/08\/ConcoursMensuel.pdf\" target=\"_blank\" rel=\"noopener noreferrer\">Notice de fonctionnement des concours<\/a><\/li>\r\n<li><a href=\"http:\/\/www.cpcab.fr\/wp-content\/uploads\/2012\/08\/FeuilleNotesDetaillees.pdf\" target=\"_blank\" rel=\"noopener noreferrer\">R\u00e9sultats d\u00e9taill\u00e9s<\/a><\/li>\r\n<li><a href=\"http:\/\/www.cpcab.fr\/wp-content\/uploads\/2018\/11\/FeuilleNotesEtoiles_v4_interne.pdf\" target=\"_blank\" rel=\"noopener noreferrer\">Feuille de notes <em>(\u00e9toiles &#8211; format pdf)<\/em><\/a><\/li>\r\n<li><a href=\"http:\/\/www.cpcab.fr\/wp-content\/uploads\/2019\/05\/Feuille_Notes_v3_externe.ods\" target=\"_blank\" rel=\"noopener noreferrer\">Feuille de notes <em>(saisie directe des notes &#8211; format ods)<\/em><\/a><\/li>\r\n<li><a href=\"http:\/\/www.cpcab.fr\/wp-content\/uploads\/2018\/10\/Feuille_Notation_P_Litzler.jpg\" target=\"_blank\" rel=\"noopener noreferrer\">Comment bien noter une photo par Philippe Litzer<\/a><\/li>\r\n<\/ul>\r\n<p style=\"text-align: center;\">\u00a0<\/p>\r\n<p style=\"text-align: center;\"><em>Le bandeau dynamique du site est actuellement anim\u00e9 par les clich\u00e9s de :<\/em><\/p>\r\n<p style=\"text-align: center;\"><em><strong>Patrick FAMECHON<br \/><\/strong><\/em><em><strong>Patrick CASTEILTORT<br \/>Philippe NARBONNE<br \/>Philippe DURAND<br \/>Fran\u00e7ois MAILLET<br \/>Jean-Marc JARRY<\/strong><\/em><\/p>\r\n<p>&nbsp;<\/p>\r\n<p>&nbsp;<\/p>\r\n<p style=\"text-align: center;\"><em><strong><br \/><br \/><\/strong><\/em><em><strong><br \/><\/strong><\/em><\/p>\r\n<p>&nbsp;<\/p>\r\n<p>&nbsp;<\/p>\r\n<p style=\"text-align: center;\"><strong>\u00a0<\/strong><\/p>\r\n\r\n<p>&nbsp;<\/p>\r\n","protected":false},"excerpt":{"rendered":"<p>\u00a0 Concours mensuel Club en cours : Avril\u00a0 (Th\u00e8me \u00ab\u00a0La Nuit\u00a0\u00bb) R\u00e9sultats\u00a0: (Pour pr\u00e9parer la critique des photos du mois en cours, rendez-vous sur le site onglet \u00ab\u00a0Espace Club\u00a0\u00bb puis cliquez sur le dossier \u00ab\u00a0Concours mensuels\u00a0\u00bb) __________ \u00a0 Les 2 &hellip; <a href=\"http:\/\/www.cpcab.fr\/?page_id=93\">Continuer la lecture <span class=\"meta-nav\">&rarr;<\/span><\/a><\/p>\n","protected":false},"author":2,"featured_media":0,"parent":0,"menu_order":0,"comment_status":"closed","ping_status":"closed","template":"showcase.php","meta":{"_monsterinsights_skip_tracking":false,"_monsterinsights_sitenote_active":false,"_monsterinsights_sitenote_note":"","_monsterinsights_sitenote_category":0,"footnotes":""},"class_list":["post-93","page","type-page","status-publish","hentry"],"_links":{"self":[{"href":"http:\/\/www.cpcab.fr\/index.php?rest_route=\/wp\/v2\/pages\/93","targetHints":{"allow":["GET"]}}],"collection":[{"href":"http:\/\/www.cpcab.fr\/index.php?rest_route=\/wp\/v2\/pages"}],"about":[{"href":"http:\/\/www.cpcab.fr\/index.php?rest_route=\/wp\/v2\/types\/page"}],"author":[{"embeddable":true,"href":"http:\/\/www.cpcab.fr\/index.php?rest_route=\/wp\/v2\/users\/2"}],"replies":[{"embeddable":true,"href":"http:\/\/www.cpcab.fr\/index.php?rest_route=%2Fwp%2Fv2%2Fcomments&post=93"}],"version-history":[{"count":606,"href":"http:\/\/www.cpcab.fr\/index.php?rest_route=\/wp\/v2\/pages\/93\/revisions"}],"predecessor-version":[{"id":6606,"href":"http:\/\/www.cpcab.fr\/index.php?rest_route=\/wp\/v2\/pages\/93\/revisions\/6606"}],"wp:attachment":[{"href":"http:\/\/www.cpcab.fr\/index.php?rest_route=%2Fwp%2Fv2%2Fmedia&parent=93"}],"curies":[{"name":"wp","href":"https:\/\/api.w.org\/{rel}","templated":true}]}}