{"id":19,"date":"2012-08-15T08:22:10","date_gmt":"2012-08-15T07:22:10","guid":{"rendered":"http:\/\/www.cpcab.fr\/?page_id=19"},"modified":"2026-01-06T16:56:13","modified_gmt":"2026-01-06T15:56:13","slug":"presentation","status":"publish","type":"page","link":"https:\/\/www.cpcab.fr\/?page_id=19","title":{"rendered":"Pr\u00e9sentation"},"content":{"rendered":"<p align=\"justify\"><span style=\"font-size: medium;\">Le photo club CPCAB fait parti de la maison des associations de Bourges.<\/span><\/p>\n<p align=\"justify\"><span style=\"font-size: medium;\">Le CPCAB a pour premier objectif de mettre en\u00a0relation des adh\u00e9rents anim\u00e9s par une m\u00eame passion, la photographie. Cette d\u00e9marche permet \u00e0 tous d&rsquo;\u00e9voluer par des \u00e9changes d&rsquo;id\u00e9es et aussi par la critique. En effet comment peut-on s&rsquo;am\u00e9liorer si personne n&rsquo;est l\u00e0 pour vous dire ce que l&rsquo;on pense de vos photos.<\/span><\/p>\n<p align=\"justify\"><span style=\"font-size: medium;\">Nous sommes affili\u00e9s \u00e0 la FPF (F\u00e9d\u00e9ration Photographique de France) par l&rsquo;interm\u00e9diaire de l&rsquo;union r\u00e9gionale. Cet organisme met en place les concours r\u00e9gionaux. Les laur\u00e9ats permettent aux clubs o\u00f9 ils sont affili\u00e9s d&rsquo;\u00eatre promus au niveau national dans les disciplines correspondantes (Noir &amp; Blanc, couleur papier et images projet\u00e9es). Le CPCAB concourt en <strong>r\u00e9gional<\/strong>\u00a0pour le N &amp; B et couleur papier, et en N &amp; B images projet\u00e9es. Par contre il concourt en\u00a0<strong>national<\/strong> en images projet\u00e9es couleurs<\/span><\/p>\n<p align=\"justify\"><span style=\"font-size: medium;\">Le\u00a0CPCAB organise \u00e9galement des\u00a0formations en photo num\u00e9rique avec le logiciel \u00ab\u00a0Photoshop\u00a0\u00bb, en prise de vue (studio,composition de l&rsquo;image&#8230;).<\/span><\/p>\n","protected":false},"excerpt":{"rendered":"<p>Le photo club CPCAB fait parti de la maison des associations de Bourges. Le CPCAB a pour premier objectif de mettre en\u00a0relation des adh\u00e9rents anim\u00e9s par une m\u00eame passion, la photographie. Cette d\u00e9marche permet \u00e0 tous d&rsquo;\u00e9voluer par des \u00e9changes &hellip; <a href=\"https:\/\/www.cpcab.fr\/?page_id=19\">Continuer la lecture <span class=\"meta-nav\">&rarr;<\/span><\/a><\/p>\n","protected":false},"author":2,"featured_media":0,"parent":0,"menu_order":0,"comment_status":"closed","ping_status":"closed","template":"showcase.php","meta":{"_monsterinsights_skip_tracking":false,"_monsterinsights_sitenote_active":false,"_monsterinsights_sitenote_note":"","_monsterinsights_sitenote_category":0,"footnotes":""},"class_list":["post-19","page","type-page","status-publish","hentry"],"_links":{"self":[{"href":"https:\/\/www.cpcab.fr\/index.php?rest_route=\/wp\/v2\/pages\/19","targetHints":{"allow":["GET"]}}],"collection":[{"href":"https:\/\/www.cpcab.fr\/index.php?rest_route=\/wp\/v2\/pages"}],"about":[{"href":"https:\/\/www.cpcab.fr\/index.php?rest_route=\/wp\/v2\/types\/page"}],"author":[{"embeddable":true,"href":"https:\/\/www.cpcab.fr\/index.php?rest_route=\/wp\/v2\/users\/2"}],"replies":[{"embeddable":true,"href":"https:\/\/www.cpcab.fr\/index.php?rest_route=%2Fwp%2Fv2%2Fcomments&post=19"}],"version-history":[{"count":6,"href":"https:\/\/www.cpcab.fr\/index.php?rest_route=\/wp\/v2\/pages\/19\/revisions"}],"predecessor-version":[{"id":6505,"href":"https:\/\/www.cpcab.fr\/index.php?rest_route=\/wp\/v2\/pages\/19\/revisions\/6505"}],"wp:attachment":[{"href":"https:\/\/www.cpcab.fr\/index.php?rest_route=%2Fwp%2Fv2%2Fmedia&parent=19"}],"curies":[{"name":"wp","href":"https:\/\/api.w.org\/{rel}","templated":true}]}}