{"id":59,"date":"2012-08-15T09:16:33","date_gmt":"2012-08-15T08:16:33","guid":{"rendered":"http:\/\/www.cpcab.fr\/?page_id=59"},"modified":"2024-08-29T21:09:41","modified_gmt":"2024-08-29T20:09:41","slug":"ou-nous-trouver","status":"publish","type":"page","link":"https:\/\/www.cpcab.fr\/?page_id=59","title":{"rendered":"O\u00f9 nous trouver?"},"content":{"rendered":"<p>&nbsp;<\/p>\n<p>&nbsp;<\/p>\n<p style=\"text-align: center;\"><span style=\"color: #999999;\">Les r\u00e9unions se tiennent dans le <strong>b\u00e2timent du CSE de l&rsquo;entreprise MBDA<\/strong><\/span><\/p>\n<p style=\"text-align: center;\"><span style=\"color: #999999;\">situ\u00e9 <\/span><span style=\"color: #999999;\">au<\/span>\u00a0 <strong>8 rue Joseph le Brix<\/strong>\u00a0 <span style=\"color: #999999;\">\u00e0 Bourges<\/span><\/p>\n<p>&nbsp;<\/p>\n<p><span style=\"color: #999999;\"><em>Voir plans de situation ci-dessous :<\/em><\/span><\/p>\n<p><a href=\"http:\/\/www.cpcab.fr\/wp-content\/uploads\/2024\/08\/Plan_rue_Joseph_le_Brixfleche_direction_854x476.jpg\"><img loading=\"lazy\" decoding=\"async\" class=\"alignnone size-full wp-image-6101\" src=\"http:\/\/www.cpcab.fr\/wp-content\/uploads\/2024\/08\/Plan_rue_Joseph_le_Brixfleche_direction_854x476.jpg\" alt=\"\" width=\"854\" height=\"476\" srcset=\"https:\/\/www.cpcab.fr\/wp-content\/uploads\/2024\/08\/Plan_rue_Joseph_le_Brixfleche_direction_854x476.jpg 854w, https:\/\/www.cpcab.fr\/wp-content\/uploads\/2024\/08\/Plan_rue_Joseph_le_Brixfleche_direction_854x476-300x167.jpg 300w, https:\/\/www.cpcab.fr\/wp-content\/uploads\/2024\/08\/Plan_rue_Joseph_le_Brixfleche_direction_854x476-768x428.jpg 768w, https:\/\/www.cpcab.fr\/wp-content\/uploads\/2024\/08\/Plan_rue_Joseph_le_Brixfleche_direction_854x476-500x279.jpg 500w\" sizes=\"auto, (max-width: 854px) 100vw, 854px\" \/><\/a><\/p>\n<p><a href=\"http:\/\/www.cpcab.fr\/wp-content\/uploads\/2024\/08\/Plan_rue_Joseph_le_Brix_3DFleche_direction_854x471.jpg\"><img loading=\"lazy\" decoding=\"async\" class=\"alignnone size-full wp-image-6099\" src=\"http:\/\/www.cpcab.fr\/wp-content\/uploads\/2024\/08\/Plan_rue_Joseph_le_Brix_3DFleche_direction_854x471.jpg\" alt=\"\" width=\"854\" height=\"471\" srcset=\"https:\/\/www.cpcab.fr\/wp-content\/uploads\/2024\/08\/Plan_rue_Joseph_le_Brix_3DFleche_direction_854x471.jpg 854w, https:\/\/www.cpcab.fr\/wp-content\/uploads\/2024\/08\/Plan_rue_Joseph_le_Brix_3DFleche_direction_854x471-300x165.jpg 300w, https:\/\/www.cpcab.fr\/wp-content\/uploads\/2024\/08\/Plan_rue_Joseph_le_Brix_3DFleche_direction_854x471-768x424.jpg 768w, https:\/\/www.cpcab.fr\/wp-content\/uploads\/2024\/08\/Plan_rue_Joseph_le_Brix_3DFleche_direction_854x471-500x276.jpg 500w\" sizes=\"auto, (max-width: 854px) 100vw, 854px\" \/><\/a><\/p>\n<p>&nbsp;<\/p>\n<p>Sonnez sur l&rsquo;interphone pour faire ouvrir le portail et se rendre dans notre salle de r\u00e9union situ\u00e9 au 1er \u00e9tage du b\u00e2timent du CSE.<\/p>\n<p><a href=\"http:\/\/www.cpcab.fr\/wp-content\/uploads\/2024\/08\/photolieu2_938x546.jpg\"><img loading=\"lazy\" decoding=\"async\" class=\"alignnone size-full wp-image-6103\" src=\"http:\/\/www.cpcab.fr\/wp-content\/uploads\/2024\/08\/photolieu2_938x546.jpg\" alt=\"\" width=\"938\" height=\"546\" srcset=\"https:\/\/www.cpcab.fr\/wp-content\/uploads\/2024\/08\/photolieu2_938x546.jpg 938w, https:\/\/www.cpcab.fr\/wp-content\/uploads\/2024\/08\/photolieu2_938x546-300x175.jpg 300w, https:\/\/www.cpcab.fr\/wp-content\/uploads\/2024\/08\/photolieu2_938x546-768x447.jpg 768w, https:\/\/www.cpcab.fr\/wp-content\/uploads\/2024\/08\/photolieu2_938x546-500x291.jpg 500w\" sizes=\"auto, (max-width: 938px) 100vw, 938px\" \/><\/a><\/p>\n<p>&nbsp;<\/p>\n<p>&nbsp;<\/p>\n","protected":false},"excerpt":{"rendered":"<p>&nbsp; &nbsp; Les r\u00e9unions se tiennent dans le b\u00e2timent du CSE de l&rsquo;entreprise MBDA situ\u00e9 au\u00a0 8 rue Joseph le Brix\u00a0 \u00e0 Bourges &nbsp; Voir plans de situation ci-dessous : &nbsp; Sonnez sur l&rsquo;interphone pour faire ouvrir le portail et &hellip; <a href=\"https:\/\/www.cpcab.fr\/?page_id=59\">Continuer la lecture <span class=\"meta-nav\">&rarr;<\/span><\/a><\/p>\n","protected":false},"author":2,"featured_media":0,"parent":38,"menu_order":0,"comment_status":"closed","ping_status":"closed","template":"showcase.php","meta":{"_monsterinsights_skip_tracking":false,"_monsterinsights_sitenote_active":false,"_monsterinsights_sitenote_note":"","_monsterinsights_sitenote_category":0,"footnotes":""},"class_list":["post-59","page","type-page","status-publish","hentry"],"_links":{"self":[{"href":"https:\/\/www.cpcab.fr\/index.php?rest_route=\/wp\/v2\/pages\/59","targetHints":{"allow":["GET"]}}],"collection":[{"href":"https:\/\/www.cpcab.fr\/index.php?rest_route=\/wp\/v2\/pages"}],"about":[{"href":"https:\/\/www.cpcab.fr\/index.php?rest_route=\/wp\/v2\/types\/page"}],"author":[{"embeddable":true,"href":"https:\/\/www.cpcab.fr\/index.php?rest_route=\/wp\/v2\/users\/2"}],"replies":[{"embeddable":true,"href":"https:\/\/www.cpcab.fr\/index.php?rest_route=%2Fwp%2Fv2%2Fcomments&post=59"}],"version-history":[{"count":14,"href":"https:\/\/www.cpcab.fr\/index.php?rest_route=\/wp\/v2\/pages\/59\/revisions"}],"predecessor-version":[{"id":6133,"href":"https:\/\/www.cpcab.fr\/index.php?rest_route=\/wp\/v2\/pages\/59\/revisions\/6133"}],"up":[{"embeddable":true,"href":"https:\/\/www.cpcab.fr\/index.php?rest_route=\/wp\/v2\/pages\/38"}],"wp:attachment":[{"href":"https:\/\/www.cpcab.fr\/index.php?rest_route=%2Fwp%2Fv2%2Fmedia&parent=59"}],"curies":[{"name":"wp","href":"https:\/\/api.w.org\/{rel}","templated":true}]}}