{"id":68,"date":"2012-08-15T09:23:34","date_gmt":"2012-08-15T08:23:34","guid":{"rendered":"http:\/\/www.cpcab.fr\/?page_id=68"},"modified":"2021-10-16T11:52:08","modified_gmt":"2021-10-16T10:52:08","slug":"lien","status":"publish","type":"page","link":"https:\/\/www.cpcab.fr\/?page_id=68","title":{"rendered":"Liens"},"content":{"rendered":"<div id=\"NW-EDITABLE-SECTION\">\n<p><strong><span style=\"color: #ff6600;\">Les sites web des membres<\/span><\/strong><\/p>\n<p><a href=\"http:\/\/www.iphoto18.fr\/\" target=\"_blank\" rel=\"noopener noreferrer\"><strong>Michel AUGU<\/strong><\/a><\/p>\n<p>&nbsp;<\/p>\n<h1><span style=\"color: #ff6600;\"><strong><span style=\"font-size: medium;\">La F\u00e9d\u00e9ration<\/span><\/strong><\/span><\/h1>\n<p><a href=\"http:\/\/federation-photo.fr\/\" target=\"_blank\" rel=\"noopener noreferrer\"><strong><span style=\"font-size: medium;\">FPF F\u00e9d\u00e9ration Photographique de France<\/span><\/strong><\/a><\/p>\n<p><a href=\"http:\/\/ur07.federation-photo.fr\/\" target=\"_blank\" rel=\"noopener noreferrer\"><strong><span style=\"font-size: medium;\">FPF Union r\u00e9gional de la r\u00e9gion Centre Val de Loire<\/span><\/strong><\/a><\/p>\n<p>&nbsp;<\/p>\n<h1><span style=\"font-size: medium; color: #ff6600;\"><strong>Des sites internet<\/strong><\/span><\/h1>\n<p><a href=\"http:\/\/www.vivianmaier.com\/\" target=\"_blank\" rel=\"noopener noreferrer\"><strong><span style=\"font-size: medium;\">La Photographie vue par Vivian Maier<\/span><\/strong><\/a><\/p>\n<p><strong><span style=\"font-size: medium;\"><a href=\"http:\/\/lesmauxeparpilles.blogspot.com\/\" target=\"_blank\" rel=\"noopener noreferrer\">Daniel MAGRETH\u00a0\u00a0 Site Po\u00e9sie<\/a><\/span><\/strong><\/p>\n<p><strong><span style=\"font-size: medium;\"><a href=\"http:\/\/www.flickr.com\/photos\/les_cliches_eparpilles\/\" target=\"_blank\" rel=\"noopener noreferrer\">Daniel MAGRETH\u00a0\u00a0 Site Photo<\/a><\/span><\/strong><\/p>\n<p><strong><a href=\"http:\/\/www.lumieresdaltitude.com\/gallery.php?gallery_id=3\" target=\"_blank\" rel=\"noopener noreferrer\">Lumi\u00e8res d&rsquo;altitude<\/a><\/strong><\/p>\n<p><a href=\"http:\/\/www.axrphotos.com\/\" target=\"_blank\" rel=\"noopener noreferrer\"><strong>Axelle REBOUX<\/strong><\/a><\/p>\n<p><a href=\"http:\/\/121clicks.com\/inspirations\/street-photography-an-incredible-examples\" target=\"_blank\" rel=\"noopener noreferrer\"><strong>http:\/\/121clicks.com\/inspirations\/street-photography-an-incredible-examples\/<\/strong><\/a><\/p>\n<p>&nbsp;<\/p>\n<p>&nbsp;<\/p>\n<p>&nbsp;<\/p>\n<\/div>\n","protected":false},"excerpt":{"rendered":"<p>Les sites web des membres Michel AUGU &nbsp; La F\u00e9d\u00e9ration FPF F\u00e9d\u00e9ration Photographique de France FPF Union r\u00e9gional de la r\u00e9gion Centre Val de Loire &nbsp; Des sites internet La Photographie vue par Vivian Maier Daniel MAGRETH\u00a0\u00a0 Site Po\u00e9sie Daniel &hellip; <a href=\"https:\/\/www.cpcab.fr\/?page_id=68\">Continuer la lecture <span class=\"meta-nav\">&rarr;<\/span><\/a><\/p>\n","protected":false},"author":2,"featured_media":0,"parent":0,"menu_order":0,"comment_status":"closed","ping_status":"closed","template":"showcase.php","meta":{"_monsterinsights_skip_tracking":false,"_monsterinsights_sitenote_active":false,"_monsterinsights_sitenote_note":"","_monsterinsights_sitenote_category":0,"footnotes":""},"class_list":["post-68","page","type-page","status-publish","hentry"],"_links":{"self":[{"href":"https:\/\/www.cpcab.fr\/index.php?rest_route=\/wp\/v2\/pages\/68","targetHints":{"allow":["GET"]}}],"collection":[{"href":"https:\/\/www.cpcab.fr\/index.php?rest_route=\/wp\/v2\/pages"}],"about":[{"href":"https:\/\/www.cpcab.fr\/index.php?rest_route=\/wp\/v2\/types\/page"}],"author":[{"embeddable":true,"href":"https:\/\/www.cpcab.fr\/index.php?rest_route=\/wp\/v2\/users\/2"}],"replies":[{"embeddable":true,"href":"https:\/\/www.cpcab.fr\/index.php?rest_route=%2Fwp%2Fv2%2Fcomments&post=68"}],"version-history":[{"count":42,"href":"https:\/\/www.cpcab.fr\/index.php?rest_route=\/wp\/v2\/pages\/68\/revisions"}],"predecessor-version":[{"id":5391,"href":"https:\/\/www.cpcab.fr\/index.php?rest_route=\/wp\/v2\/pages\/68\/revisions\/5391"}],"wp:attachment":[{"href":"https:\/\/www.cpcab.fr\/index.php?rest_route=%2Fwp%2Fv2%2Fmedia&parent=68"}],"curies":[{"name":"wp","href":"https:\/\/api.w.org\/{rel}","templated":true}]}}