{"id":9,"date":"2012-08-14T12:31:59","date_gmt":"2012-08-14T11:31:59","guid":{"rendered":"http:\/\/www.cpcab.fr\/?page_id=9"},"modified":"2026-04-28T22:48:13","modified_gmt":"2026-04-28T21:48:13","slug":"accueil","status":"publish","type":"page","link":"https:\/\/www.cpcab.fr\/","title":{"rendered":"Accueil"},"content":{"rendered":"<p style=\"text-align: center;\"><span style=\"color: #999999;\"><em><strong>120 Regards, une ville, deux lieux d&rsquo;exposition<br \/>\npour f\u00eater le cinquantenaire du club<\/strong><\/em><\/span><\/p>\n<p style=\"text-align: center;\"><span style=\"color: #999999;\"><em><strong>Belv\u00e9d\u00e8re place \u00ab\u00a0Cujas\u00a0\u00bb &amp; <\/strong><\/em><\/span><span style=\"color: #999999;\"><em><strong>Mairie de Bourges\u00a0<\/strong><\/em><\/span><\/p>\n<p style=\"text-align: center;\"><a href=\"http:\/\/www.cpcab.fr\/wp-content\/uploads\/2026\/04\/Calendrier-Expos-CPCAB.pdf\" target=\"_blank\" rel=\"noopener\"><img loading=\"lazy\" decoding=\"async\" class=\"alignnone size-full wp-image-6623\" src=\"http:\/\/www.cpcab.fr\/wp-content\/uploads\/2026\/04\/Photo-Expo-2026_400x600.jpg\" alt=\"\" width=\"400\" height=\"600\" srcset=\"https:\/\/www.cpcab.fr\/wp-content\/uploads\/2026\/04\/Photo-Expo-2026_400x600.jpg 400w, https:\/\/www.cpcab.fr\/wp-content\/uploads\/2026\/04\/Photo-Expo-2026_400x600-200x300.jpg 200w\" sizes=\"auto, (max-width: 400px) 100vw, 400px\" \/><\/a><\/p>\n<p style=\"text-align: center;\"><span style=\"color: #999999;\"><em>(Calendrier et horaires des 2 expositions en cliquant sur l&rsquo;image ci-dessus)<\/em><\/span><\/p>\n","protected":false},"excerpt":{"rendered":"<p>120 Regards, une ville, deux lieux d&rsquo;exposition pour f\u00eater le cinquantenaire du club Belv\u00e9d\u00e8re place \u00ab\u00a0Cujas\u00a0\u00bb &amp; Mairie de Bourges\u00a0 (Calendrier et horaires des 2 expositions en cliquant sur l&rsquo;image ci-dessus)<\/p>\n","protected":false},"author":2,"featured_media":0,"parent":0,"menu_order":0,"comment_status":"open","ping_status":"open","template":"showcase.php","meta":{"_monsterinsights_skip_tracking":false,"_monsterinsights_sitenote_active":false,"_monsterinsights_sitenote_note":"","_monsterinsights_sitenote_category":0,"footnotes":""},"class_list":["post-9","page","type-page","status-publish","hentry"],"_links":{"self":[{"href":"https:\/\/www.cpcab.fr\/index.php?rest_route=\/wp\/v2\/pages\/9","targetHints":{"allow":["GET"]}}],"collection":[{"href":"https:\/\/www.cpcab.fr\/index.php?rest_route=\/wp\/v2\/pages"}],"about":[{"href":"https:\/\/www.cpcab.fr\/index.php?rest_route=\/wp\/v2\/types\/page"}],"author":[{"embeddable":true,"href":"https:\/\/www.cpcab.fr\/index.php?rest_route=\/wp\/v2\/users\/2"}],"replies":[{"embeddable":true,"href":"https:\/\/www.cpcab.fr\/index.php?rest_route=%2Fwp%2Fv2%2Fcomments&post=9"}],"version-history":[{"count":230,"href":"https:\/\/www.cpcab.fr\/index.php?rest_route=\/wp\/v2\/pages\/9\/revisions"}],"predecessor-version":[{"id":6643,"href":"https:\/\/www.cpcab.fr\/index.php?rest_route=\/wp\/v2\/pages\/9\/revisions\/6643"}],"wp:attachment":[{"href":"https:\/\/www.cpcab.fr\/index.php?rest_route=%2Fwp%2Fv2%2Fmedia&parent=9"}],"curies":[{"name":"wp","href":"https:\/\/api.w.org\/{rel}","templated":true}]}}